{"id":78,"date":"2025-11-30T14:08:30","date_gmt":"2025-11-30T14:08:30","guid":{"rendered":"http:\/\/diolee.net\/?page_id=78"},"modified":"2026-02-05T14:20:36","modified_gmt":"2026-02-05T14:20:36","slug":"nos-activites","status":"publish","type":"page","link":"https:\/\/diolee.net\/index.php\/nos-activites\/","title":{"rendered":"Nos Activit\u00e9s"},"content":{"rendered":"\t\t<div data-elementor-type=\"wp-page\" data-elementor-id=\"78\" class=\"elementor elementor-78\">\n\t\t\t\t<div class=\"elementor-element elementor-element-a2cbbee e-flex e-con-boxed e-con e-parent\" data-id=\"a2cbbee\" data-element_type=\"container\" data-e-type=\"container\">\n\t\t\t\t\t<div class=\"e-con-inner\">\n\t\t\t\t<div class=\"elementor-element elementor-element-8642419 e-n-tabs-mobile elementor-widget elementor-widget-n-tabs\" data-id=\"8642419\" data-element_type=\"widget\" data-e-type=\"widget\" data-settings=\"{&quot;horizontal_scroll&quot;:&quot;disable&quot;}\" data-widget_type=\"nested-tabs.default\">\n\t\t\t\t\t\t\t<div class=\"e-n-tabs\" data-widget-number=\"140780569\" aria-label=\"Onglets. Ouvrez des \u00e9l\u00e9ments avec Entrer ou Espace, fermez-les avec Echape et naviguez \u00e0 l&#039;aide des touches fl\u00e9ch\u00e9es.\">\n\t\t\t<div class=\"e-n-tabs-heading\" role=\"tablist\">\n\t\t\t\t\t<button id=\"e-n-tab-title-1407805691\" data-tab-title-id=\"e-n-tab-title-1407805691\" class=\"e-n-tab-title\" aria-selected=\"true\" data-tab-index=\"1\" role=\"tab\" tabindex=\"0\" aria-controls=\"e-n-tab-content-1407805691\" style=\"--n-tabs-title-order: 1;\">\n\t\t\t\t\t\t<span class=\"e-n-tab-title-text\">\n\t\t\t\tFormation\t\t\t<\/span>\n\t\t<\/button>\n\t\t\t\t<button id=\"e-n-tab-title-1407805692\" data-tab-title-id=\"e-n-tab-title-1407805692\" class=\"e-n-tab-title\" aria-selected=\"false\" data-tab-index=\"2\" role=\"tab\" tabindex=\"-1\" aria-controls=\"e-n-tab-content-1407805692\" style=\"--n-tabs-title-order: 2;\">\n\t\t\t\t\t\t<span class=\"e-n-tab-title-text\">\n\t\t\t\tAgriculture\t\t\t<\/span>\n\t\t<\/button>\n\t\t\t\t<button id=\"e-n-tab-title-1407805693\" data-tab-title-id=\"e-n-tab-title-1407805693\" class=\"e-n-tab-title\" aria-selected=\"false\" data-tab-index=\"3\" role=\"tab\" tabindex=\"-1\" aria-controls=\"e-n-tab-content-1407805693\" style=\"--n-tabs-title-order: 3;\">\n\t\t\t\t\t\t<span class=\"e-n-tab-title-text\">\n\t\t\t\tElevage\t\t\t<\/span>\n\t\t<\/button>\n\t\t\t\t<button id=\"e-n-tab-title-1407805694\" data-tab-title-id=\"e-n-tab-title-1407805694\" class=\"e-n-tab-title\" aria-selected=\"false\" data-tab-index=\"4\" role=\"tab\" tabindex=\"-1\" aria-controls=\"e-n-tab-content-1407805694\" style=\"--n-tabs-title-order: 4;\">\n\t\t\t\t\t\t<span class=\"e-n-tab-title-text\">\n\t\t\t\tIncubation\t\t\t<\/span>\n\t\t<\/button>\n\t\t\t\t<button id=\"e-n-tab-title-1407805695\" data-tab-title-id=\"e-n-tab-title-1407805695\" class=\"e-n-tab-title\" aria-selected=\"false\" data-tab-index=\"5\" role=\"tab\" tabindex=\"-1\" aria-controls=\"e-n-tab-content-1407805695\" style=\"--n-tabs-title-order: 5;\">\n\t\t\t\t\t\t<span class=\"e-n-tab-title-text\">\n\t\t\t\tAccompagnement\t\t\t<\/span>\n\t\t<\/button>\n\t\t\t\t\t<\/div>\n\t\t\t<div class=\"e-n-tabs-content\">\n\t\t\t\t<div id=\"e-n-tab-content-1407805691\" role=\"tabpanel\" aria-labelledby=\"e-n-tab-title-1407805691\" data-tab-index=\"1\" style=\"--n-tabs-title-order: 1;\" class=\"e-active elementor-element elementor-element-fe6a810 e-con-full e-flex e-con e-child\" data-id=\"fe6a810\" data-element_type=\"container\" data-e-type=\"container\">\n\t\t<div class=\"elementor-element elementor-element-f1276fa e-flex e-con-boxed e-con e-child\" data-id=\"f1276fa\" data-element_type=\"container\" data-e-type=\"container\">\n\t\t\t\t\t<div class=\"e-con-inner\">\n\t\t\t\t<div class=\"elementor-element elementor-element-2f61131 elementor-widget elementor-widget-text-editor\" data-id=\"2f61131\" data-element_type=\"widget\" data-e-type=\"widget\" data-widget_type=\"text-editor.default\">\n\t\t\t\t\t\t\t\t\t<p><strong>DIOLEE<\/strong> vous forme avec une approche et m\u00e9thodologie interactives associant la th\u00e9orie et la pratique dans ces diff\u00e9rentes activit\u00e9s : Elevage, Agriculture, en entrepreneuriat et en Transformation des produits locaux, la fabrication de d\u00e9tergent, la transformation des fruits et l\u00e9gumes, la transformation des c\u00e9r\u00e9ales local et des produits forestiers, la Teinture et la p\u00e2tisserie. La formation vous permettra vivre votre r\u00eave d&rsquo;entrepreneur.<\/p>\t\t\t\t\t\t\t\t<\/div>\n\t\t\t\t\t<\/div>\n\t\t\t\t<\/div>\n\t\t\t\t<\/div>\n\t\t<div id=\"e-n-tab-content-1407805692\" role=\"tabpanel\" aria-labelledby=\"e-n-tab-title-1407805692\" data-tab-index=\"2\" style=\"--n-tabs-title-order: 2;\" class=\" elementor-element elementor-element-aa47894 e-con-full e-flex e-con e-child\" data-id=\"aa47894\" data-element_type=\"container\" data-e-type=\"container\">\n\t\t<div class=\"elementor-element elementor-element-f717e9e e-flex e-con-boxed e-con e-child\" data-id=\"f717e9e\" data-element_type=\"container\" data-e-type=\"container\">\n\t\t\t\t\t<div class=\"e-con-inner\">\n\t\t\t\t<div class=\"elementor-element elementor-element-7642666 elementor-widget elementor-widget-text-editor\" data-id=\"7642666\" data-element_type=\"widget\" data-e-type=\"widget\" data-widget_type=\"text-editor.default\">\n\t\t\t\t\t\t\t\t\t<p>L\u2019agriculture est l\u2019un des secteurs phares du d\u00e9veloppement \u00e9conomique, elle permet d\u2019assurer l\u2019autosuffisance alimentaire. La production maraich\u00e8re et arboricole et la formation agricole sont effectives dans les fermes int\u00e9gr\u00e9es de DIOLEE.<br \/>Nous accompagnons les producteurs et porteurs de projets dans la ma\u00eetrise des techniques de culture. Nos formations portent sur les pratiques agricoles modernes et durables. Nous mettons l\u2019accent sur la gestion des exploitations, la productivit\u00e9, la gestion des sols et l\u2019am\u00e9lioration des rendements. Nos programmes sont adapt\u00e9s aux r\u00e9alit\u00e9s locales et aux conditions climatiques. Notre objectif est de d\u00e9velopper une agriculture performante, durable et rentable.<\/p>\t\t\t\t\t\t\t\t<\/div>\n\t\t\t\t\t<\/div>\n\t\t\t\t<\/div>\n\t\t\t\t<\/div>\n\t\t<div id=\"e-n-tab-content-1407805693\" role=\"tabpanel\" aria-labelledby=\"e-n-tab-title-1407805693\" data-tab-index=\"3\" style=\"--n-tabs-title-order: 3;\" class=\" elementor-element elementor-element-cf4d28d e-con-full e-flex e-con e-child\" data-id=\"cf4d28d\" data-element_type=\"container\" data-e-type=\"container\">\n\t\t<div class=\"elementor-element elementor-element-c46ec7e e-flex e-con-boxed e-con e-child\" data-id=\"c46ec7e\" data-element_type=\"container\" data-e-type=\"container\">\n\t\t\t\t\t<div class=\"e-con-inner\">\n\t\t\t\t<div class=\"elementor-element elementor-element-e1f533c elementor-widget elementor-widget-text-editor\" data-id=\"e1f533c\" data-element_type=\"widget\" data-e-type=\"widget\" data-widget_type=\"text-editor.default\">\n\t\t\t\t\t\t\t\t\t<p>DIOLEE poss\u00e8de deux centre d\u2019application avec diverses productions animales telles que\u00a0:<\/p><ul><li>L\u2019aviculture traditionnel<\/li><li>L\u2019aviculture semi-intensive<\/li><li>La pisciculture<\/li><li>La production porcine<\/li><li>La production ovine et bovine<\/li><\/ul><p>Elle accompagne aussi les jeunes, les entrepreneurs et les \u00e9leveurs vers un \u00e9levage rentable et durable. Des formations pratiques \u00a0sont d\u00e9roul\u00e9es en pisciculture pour la production de poissons de qualit\u00e9, des modules en \u00e9levage de bovins et ovins, adapt\u00e9s aux r\u00e9alit\u00e9s locales, des modules en \u00e9levage de porc, en colombiculture (\u00e9levage de pigeons), des formations pratiques sur le poulet fermier, le poulet de chair et le poulet de ponte pour une production raisonn\u00e9e. Enfin, elle valorise le poulet local \u00e0 travers des techniques am\u00e9lior\u00e9es et durables.<\/p>\t\t\t\t\t\t\t\t<\/div>\n\t\t\t\t\t<\/div>\n\t\t\t\t<\/div>\n\t\t\t\t<\/div>\n\t\t<div id=\"e-n-tab-content-1407805694\" role=\"tabpanel\" aria-labelledby=\"e-n-tab-title-1407805694\" data-tab-index=\"4\" style=\"--n-tabs-title-order: 4;\" class=\" elementor-element elementor-element-8a6393b e-flex e-con-boxed e-con e-child\" data-id=\"8a6393b\" data-element_type=\"container\" data-e-type=\"container\">\n\t\t\t\t\t<div class=\"e-con-inner\">\n\t\t<div class=\"elementor-element elementor-element-0d3c7a2 e-con-full e-flex e-con e-child\" data-id=\"0d3c7a2\" data-element_type=\"container\" data-e-type=\"container\">\n\t\t\t\t<div class=\"elementor-element elementor-element-8c2b13d elementor-widget elementor-widget-text-editor\" data-id=\"8c2b13d\" data-element_type=\"widget\" data-e-type=\"widget\" data-widget_type=\"text-editor.default\">\n\t\t\t\t\t\t\t\t\t<p>Nos centres d\u2019incubation accompagnent les jeunes entrepreneur.es, les femmes d\u00e9sireux de se former aux techniques modernes d\u2019agriculture et d\u2019\u00e9levage. Ceux qui sont dans la reconversion professionnelle et les salari\u00e9s qui diversifient leurs revenus sont accompagn\u00e9s d\u2019une mani\u00e8re sp\u00e9cifique en fonction du projet et de leur disponibilit\u00e9. Le processus d\u2019incubation est le suivant :<br \/>&#8211; Candidature et s\u00e9lection<br \/>&#8211; Formation th\u00e9orique et pratique<br \/>&#8211; Pr\u00e9incubation<br \/>&#8211; Incubation<br \/>&#8211; Post-incubation et sevrage<br \/>Un accompagnement entrepreneurial est propos\u00e9 pour lancer et g\u00e9rer des projets viables gr\u00e2ce \u00e0 l\u2019encadrement tout au long du parcours. Notre objectif est de cr\u00e9er des entrepreneurs agricoles autonomes et innovants.<\/p>\t\t\t\t\t\t\t\t<\/div>\n\t\t\t\t<\/div>\n\t\t\t\t\t<\/div>\n\t\t\t\t<\/div>\n\t\t<div id=\"e-n-tab-content-1407805695\" role=\"tabpanel\" aria-labelledby=\"e-n-tab-title-1407805695\" data-tab-index=\"5\" style=\"--n-tabs-title-order: 5;\" class=\" elementor-element elementor-element-d38ebcf e-flex e-con-boxed e-con e-child\" data-id=\"d38ebcf\" data-element_type=\"container\" data-e-type=\"container\">\n\t\t\t\t\t<div class=\"e-con-inner\">\n\t\t<div class=\"elementor-element elementor-element-486d0c7 e-con-full e-flex e-con e-child\" data-id=\"486d0c7\" data-element_type=\"container\" data-e-type=\"container\">\n\t\t\t\t<div class=\"elementor-element elementor-element-287c905 elementor-widget elementor-widget-text-editor\" data-id=\"287c905\" data-element_type=\"widget\" data-e-type=\"widget\" data-widget_type=\"text-editor.default\">\n\t\t\t\t\t\t\t\t\t<p>Diolee proposons un accompagnement complet pour la r\u00e9ussite de vos projets en agriculture, \u00e9levage et transformation des produits locaux avec un appui et conseil en entrepreneuriat et en marketing. Notre approche est bas\u00e9e sur le conseil strat\u00e9gique, la formation pratique et le suivi personnalis\u00e9. Nous aidons les porteurs de projets \u00e0 structurer leurs id\u00e9es et \u00e0 b\u00e2tir des activit\u00e9s durables et rentables.<br \/>En agriculture et \u00e9levage, nous apportons des solutions adapt\u00e9es aux r\u00e9alit\u00e9s locales. Nous valorisons la transformation des produits locaux pour cr\u00e9er plus de valeur ajout\u00e9e. Notre expertise en marketing permet d\u2019am\u00e9liorer la visibilit\u00e9 et la commercialisation des produits.<\/p><p>Avec nous, vos projets passent de l\u2019id\u00e9e \u00e0 la r\u00e9ussite concr\u00e8te.<\/p>\t\t\t\t\t\t\t\t<\/div>\n\t\t\t\t<\/div>\n\t\t\t\t\t<\/div>\n\t\t\t\t<\/div>\n\t\t\t\t\t<\/div>\n\t\t<\/div>\n\t\t\t\t\t\t<\/div>\n\t\t\t\t\t<\/div>\n\t\t\t\t<\/div>\n\t\t\t\t<\/div>\n\t\t","protected":false},"excerpt":{"rendered":"<p>Formation Agriculture Elevage Incubation Accompagnement DIOLEE vous forme avec une approche et m\u00e9thodologie interactives associant la th\u00e9orie et la pratique dans ces diff\u00e9rentes activit\u00e9s : Elevage, Agriculture, en entrepreneuriat et en Transformation des produits locaux, la fabrication de d\u00e9tergent, la transformation des fruits et l\u00e9gumes, la transformation des c\u00e9r\u00e9ales local et des produits forestiers, la [&hellip;]<\/p>\n","protected":false},"author":1,"featured_media":0,"parent":0,"menu_order":0,"comment_status":"closed","ping_status":"closed","template":"","meta":{"footnotes":""},"class_list":["post-78","page","type-page","status-publish","hentry"],"jetpack_sharing_enabled":true,"_links":{"self":[{"href":"https:\/\/diolee.net\/index.php\/wp-json\/wp\/v2\/pages\/78","targetHints":{"allow":["GET"]}}],"collection":[{"href":"https:\/\/diolee.net\/index.php\/wp-json\/wp\/v2\/pages"}],"about":[{"href":"https:\/\/diolee.net\/index.php\/wp-json\/wp\/v2\/types\/page"}],"author":[{"embeddable":true,"href":"https:\/\/diolee.net\/index.php\/wp-json\/wp\/v2\/users\/1"}],"replies":[{"embeddable":true,"href":"https:\/\/diolee.net\/index.php\/wp-json\/wp\/v2\/comments?post=78"}],"version-history":[{"count":0,"href":"https:\/\/diolee.net\/index.php\/wp-json\/wp\/v2\/pages\/78\/revisions"}],"wp:attachment":[{"href":"https:\/\/diolee.net\/index.php\/wp-json\/wp\/v2\/media?parent=78"}],"curies":[{"name":"wp","href":"https:\/\/api.w.org\/{rel}","templated":true}]}}