{"id":269,"date":"2026-01-04T03:16:05","date_gmt":"2026-01-04T03:16:05","guid":{"rendered":"https:\/\/diolee.net\/?post_type=product&#038;p=269"},"modified":"2026-02-04T14:29:15","modified_gmt":"2026-02-04T14:29:15","slug":"pepiniere-tomate","status":"publish","type":"product","link":"https:\/\/diolee.net\/index.php\/product\/pepiniere-tomate\/","title":{"rendered":"P\u00e9pini\u00e8re Tomate"},"content":{"rendered":"<p>alv\u00e9ole 128 troues<\/p>\n","protected":false},"excerpt":{"rendered":"<p>alv\u00e9ole 128 troues<\/p>\n","protected":false},"featured_media":0,"comment_status":"open","ping_status":"closed","template":"","meta":[],"product_brand":[],"product_cat":[20],"product_tag":[],"class_list":{"0":"post-269","1":"product","2":"type-product","3":"status-publish","5":"product_cat-arboriculture","7":"first","8":"instock","9":"taxable","10":"shipping-taxable","11":"purchasable","12":"product-type-simple"},"jetpack_sharing_enabled":true,"_links":{"self":[{"href":"https:\/\/diolee.net\/index.php\/wp-json\/wp\/v2\/product\/269","targetHints":{"allow":["GET"]}}],"collection":[{"href":"https:\/\/diolee.net\/index.php\/wp-json\/wp\/v2\/product"}],"about":[{"href":"https:\/\/diolee.net\/index.php\/wp-json\/wp\/v2\/types\/product"}],"replies":[{"embeddable":true,"href":"https:\/\/diolee.net\/index.php\/wp-json\/wp\/v2\/comments?post=269"}],"wp:attachment":[{"href":"https:\/\/diolee.net\/index.php\/wp-json\/wp\/v2\/media?parent=269"}],"wp:term":[{"taxonomy":"product_brand","embeddable":true,"href":"https:\/\/diolee.net\/index.php\/wp-json\/wp\/v2\/product_brand?post=269"},{"taxonomy":"product_cat","embeddable":true,"href":"https:\/\/diolee.net\/index.php\/wp-json\/wp\/v2\/product_cat?post=269"},{"taxonomy":"product_tag","embeddable":true,"href":"https:\/\/diolee.net\/index.php\/wp-json\/wp\/v2\/product_tag?post=269"}],"curies":[{"name":"wp","href":"https:\/\/api.w.org\/{rel}","templated":true}]}}